{"id":135,"date":"2021-12-15T11:43:53","date_gmt":"2021-12-15T11:43:53","guid":{"rendered":"https:\/\/qlm.creatiapublicidad.es\/?page_id=135"},"modified":"2022-09-19T06:34:58","modified_gmt":"2022-09-19T06:34:58","slug":"hardware","status":"publish","type":"page","link":"https:\/\/www.qlminformatica.com\/?page_id=135","title":{"rendered":"Hardware"},"content":{"rendered":"<p>[et_pb_section fb_built=\u00bb1&#8243; fullwidth=\u00bbon\u00bb _builder_version=\u00bb4.14.2&#8243; _module_preset=\u00bbdefault\u00bb global_colors_info=\u00bb{}\u00bb][et_pb_fullwidth_slider _builder_version=\u00bb4.14.2&#8243; _module_preset=\u00bbdefault\u00bb global_colors_info=\u00bb{}\u00bb][et_pb_slide _builder_version=\u00bb4.14.2&#8243; _module_preset=\u00bbdefault\u00bb background_image=\u00bbhttps:\/\/www.qlminformatica.com\/wp-content\/uploads\/2022\/01\/office-g8016ecb00_1920.jpg\u00bb background_enable_image=\u00bbon\u00bb global_colors_info=\u00bb{}\u00bb sticky_transition=\u00bbon\u00bb][\/et_pb_slide][\/et_pb_fullwidth_slider][\/et_pb_section][et_pb_section fb_built=\u00bb1&#8243; _builder_version=\u00bb4.14.2&#8243; _module_preset=\u00bbdefault\u00bb global_colors_info=\u00bb{}\u00bb][et_pb_row column_structure=\u00bb1_2,1_2&#8243; use_custom_gutter=\u00bbon\u00bb gutter_width=\u00bb3&#8243; _builder_version=\u00bb4.14.2&#8243; _module_preset=\u00bbdefault\u00bb global_colors_info=\u00bb{}\u00bb][et_pb_column type=\u00bb1_2&#8243; _builder_version=\u00bb4.14.2&#8243; _module_preset=\u00bbdefault\u00bb global_colors_info=\u00bb{}\u00bb][et_pb_image src=\u00bbhttps:\/\/www.qlminformatica.com\/wp-content\/uploads\/2022\/01\/raton.jpg\u00bb title_text=\u00bbraton\u00bb force_fullwidth=\u00bbon\u00bb _builder_version=\u00bb4.14.2&#8243; _module_preset=\u00bbdefault\u00bb global_colors_info=\u00bb{}\u00bb][\/et_pb_image][\/et_pb_column][et_pb_column type=\u00bb1_2&#8243; _builder_version=\u00bb4.14.2&#8243; _module_preset=\u00bbdefault\u00bb global_colors_info=\u00bb{}\u00bb][et_pb_text _builder_version=\u00bb4.14.2&#8243; _module_preset=\u00bbdefault\u00bb header_2_font=\u00bb|600|||||||\u00bb header_2_text_color=\u00bb#485098&#8243; header_2_font_size=\u00bb32px\u00bb hover_enabled=\u00bb0&#8243; global_colors_info=\u00bb{}\u00bb theme_builder_area=\u00bbpost_content\u00bb custom_margin=\u00bb50px||||false|false\u00bb sticky_enabled=\u00bb0&#8243;]<\/p>\n<h2>Hardware<\/h2>\n<p>[\/et_pb_text][et_pb_divider color=\u00bb#485098&#8243; divider_weight=\u00bb5px\u00bb _builder_version=\u00bb4.9.3&#8243; _module_preset=\u00bbdefault\u00bb width=\u00bb10%\u00bb module_alignment=\u00bbleft\u00bb custom_margin=\u00bb-30px||||false|false\u00bb global_colors_info=\u00bb{}\u00bb][\/et_pb_divider][et_pb_text _builder_version=\u00bb4.14.2&#8243; _module_preset=\u00bbdefault\u00bb hover_enabled=\u00bb0&#8243; global_colors_info=\u00bb{}\u00bb sticky_enabled=\u00bb0&#8243;]<\/p>\n<p align=\"justify\">Desde <strong>QLM<\/strong> te ofrecemos los mejores equipamientos tanto para oficinas, sistemas inform\u00e1ticos e inform\u00e1tica m\u00f3vil e incluso dispositivos perif\u00e9ricos, monitores, esc\u00e1neres e impresoras.<\/p>\n<p><strong>Productos Hardware:<\/strong><\/p>\n<p>\u2022 Servidores.<br \/>\u2022 Ordenadores port\u00e1tiles y de sobremesa.<br \/>\u2022 Sistemas y unidades de almacenamiento de datos.<br \/>\u2022 Dispositivos m\u00f3viles: Tabletas. Smatphones.<br \/>\u2022 Equipos de impresi\u00f3n: Equipos en modalidad de coste por p\u00e1gina. Equipos en modalidad est\u00e1ndar.<br \/>\u2022 Dispositivos de Red.<\/p>\n<p>En <strong>QLM<\/strong> asesoramos de forma totalmente profesional a nuestros clientes, ofreciendo el mejor equipamiento Inform\u00e1tico que se adapta a sus necesidades, y por supuesto todo ello al menor coste posible. De la misma forma, ponemos a la disposici\u00f3n de nuestros clientes nuestro servicio de asesoramiento que le facilitar\u00e1 todo tipo de detalles para que la elecci\u00f3n sea las m\u00e1s ventajosa.<\/p>\n<p>En <strong>QLM<\/strong> disponemos de un soporte personalizado donde nuestros t\u00e9cnicos le ayudar\u00e1n a configurar sus equipos y explicar todo aquello en lo que tengan dudas.<\/p>\n<p>[\/et_pb_text][\/et_pb_column][\/et_pb_row][\/et_pb_section]<\/p>\n","protected":false},"excerpt":{"rendered":"<p>HardwareDesde QLM te ofrecemos los mejores equipamientos tanto para oficinas, sistemas inform\u00e1ticos e inform\u00e1tica m\u00f3vil e incluso dispositivos perif\u00e9ricos, monitores, esc\u00e1neres e impresoras. Productos Hardware: \u2022 Servidores.\u2022 Ordenadores port\u00e1tiles y de sobremesa.\u2022 Sistemas y unidades de almacenamiento de datos.\u2022 Dispositivos m\u00f3viles: Tabletas. Smatphones.\u2022 Equipos de impresi\u00f3n: Equipos en modalidad de coste por p\u00e1gina. Equipos en [&hellip;]<\/p>\n","protected":false},"author":1,"featured_media":0,"parent":0,"menu_order":0,"comment_status":"closed","ping_status":"closed","template":"","meta":{"_et_pb_use_builder":"on","_et_pb_old_content":"","_et_gb_content_width":""},"_links":{"self":[{"href":"https:\/\/www.qlminformatica.com\/index.php?rest_route=\/wp\/v2\/pages\/135"}],"collection":[{"href":"https:\/\/www.qlminformatica.com\/index.php?rest_route=\/wp\/v2\/pages"}],"about":[{"href":"https:\/\/www.qlminformatica.com\/index.php?rest_route=\/wp\/v2\/types\/page"}],"author":[{"embeddable":true,"href":"https:\/\/www.qlminformatica.com\/index.php?rest_route=\/wp\/v2\/users\/1"}],"replies":[{"embeddable":true,"href":"https:\/\/www.qlminformatica.com\/index.php?rest_route=%2Fwp%2Fv2%2Fcomments&post=135"}],"version-history":[{"count":11,"href":"https:\/\/www.qlminformatica.com\/index.php?rest_route=\/wp\/v2\/pages\/135\/revisions"}],"predecessor-version":[{"id":225,"href":"https:\/\/www.qlminformatica.com\/index.php?rest_route=\/wp\/v2\/pages\/135\/revisions\/225"}],"wp:attachment":[{"href":"https:\/\/www.qlminformatica.com\/index.php?rest_route=%2Fwp%2Fv2%2Fmedia&parent=135"}],"curies":[{"name":"wp","href":"https:\/\/api.w.org\/{rel}","templated":true}]}}