{"id":16,"date":"2021-06-04T06:29:53","date_gmt":"2021-06-04T06:29:53","guid":{"rendered":"https:\/\/qlm.creatiapublicidad.es\/?page_id=16"},"modified":"2023-05-29T11:12:06","modified_gmt":"2023-05-29T11:12:06","slug":"inicio","status":"publish","type":"page","link":"https:\/\/www.qlminformatica.com\/","title":{"rendered":"Inicio"},"content":{"rendered":"<p>[et_pb_section fb_built=\u00bb1&#8243; _builder_version=\u00bb4.14.2&#8243; _module_preset=\u00bbdefault\u00bb background_image=\u00bbhttps:\/\/www.qlminformatica.com\/wp-content\/uploads\/2022\/01\/FONDO_SLIDER_INICIO.jpg\u00bb custom_padding=\u00bb||||false|false\u00bb global_colors_info=\u00bb{}\u00bb][et_pb_row column_structure=\u00bb1_3,1_3,1_3&#8243; use_custom_gutter=\u00bbon\u00bb make_equal=\u00bbon\u00bb _builder_version=\u00bb4.14.2&#8243; _module_preset=\u00bbdefault\u00bb width=\u00bb100%\u00bb custom_padding=\u00bb||||false|false\u00bb global_colors_info=\u00bb{}\u00bb][et_pb_column type=\u00bb1_3&#8243; _builder_version=\u00bb4.14.2&#8243; _module_preset=\u00bbdefault\u00bb use_background_color_gradient=\u00bbon\u00bb background_color_gradient_start=\u00bbrgba(42,53,71,0.3)\u00bb background_color_gradient_end=\u00bb#2a3547&#8243; global_colors_info=\u00bb{}\u00bb][et_pb_image src=\u00bbhttps:\/\/www.qlminformatica.com\/wp-content\/uploads\/2022\/01\/banner_erp_2.png\u00bb title_text=\u00bbbanner_erp_2&#8243; force_fullwidth=\u00bbon\u00bb _builder_version=\u00bb4.14.2&#8243; _module_preset=\u00bbdefault\u00bb global_colors_info=\u00bb{}\u00bb filter_brightness__hover_enabled=\u00bbon|hover\u00bb filter_opacity__hover_enabled=\u00bbon|hover\u00bb filter_opacity__hover=\u00bb45%\u00bb][\/et_pb_image][\/et_pb_column][et_pb_column type=\u00bb1_3&#8243; _builder_version=\u00bb4.14.2&#8243; _module_preset=\u00bbdefault\u00bb use_background_color_gradient=\u00bbon\u00bb background_color_gradient_start=\u00bbrgba(0,220,6,0)\u00bb background_color_gradient_end=\u00bbrgba(0,220,6,0.43)\u00bb global_colors_info=\u00bb{}\u00bb][et_pb_image src=\u00bbhttps:\/\/www.qlminformatica.com\/wp-content\/uploads\/2022\/01\/banner_sage-1.png\u00bb title_text=\u00bbbanner_sage\u00bb force_fullwidth=\u00bbon\u00bb _builder_version=\u00bb4.14.2&#8243; _module_preset=\u00bbdefault\u00bb global_colors_info=\u00bb{}\u00bb filter_opacity__hover_enabled=\u00bbon|hover\u00bb filter_opacity__hover=\u00bb45%\u00bb][\/et_pb_image][\/et_pb_column][et_pb_column type=\u00bb1_3&#8243; _builder_version=\u00bb4.14.2&#8243; _module_preset=\u00bbdefault\u00bb use_background_color_gradient=\u00bbon\u00bb background_color_gradient_start=\u00bbrgba(123,177,224,0)\u00bb background_color_gradient_end=\u00bbrgba(0,119,224,0.41)\u00bb global_colors_info=\u00bb{}\u00bb][et_pb_image src=\u00bbhttps:\/\/www.qlminformatica.com\/wp-content\/uploads\/2022\/01\/banner_panda-1.png\u00bb title_text=\u00bbbanner_panda\u00bb force_fullwidth=\u00bbon\u00bb _builder_version=\u00bb4.14.2&#8243; _module_preset=\u00bbdefault\u00bb global_colors_info=\u00bb{}\u00bb filter_opacity__hover_enabled=\u00bbon|hover\u00bb filter_opacity__hover=\u00bb45%\u00bb][\/et_pb_image][\/et_pb_column][\/et_pb_row][\/et_pb_section][et_pb_section fb_built=\u00bb1&#8243; _builder_version=\u00bb4.14.2&#8243; _module_preset=\u00bbdefault\u00bb use_background_color_gradient=\u00bbon\u00bb background_color_gradient_start=\u00bb#2a3547&#8243; background_color_gradient_end=\u00bbrgba(52,63,85,0.82)\u00bb background_color_gradient_direction=\u00bb113deg\u00bb global_colors_info=\u00bb{}\u00bb][et_pb_row column_structure=\u00bb2_3,1_3&#8243; use_custom_gutter=\u00bbon\u00bb _builder_version=\u00bb4.14.2&#8243; _module_preset=\u00bbdefault\u00bb width=\u00bb45%\u00bb custom_margin=\u00bb||||false|false\u00bb custom_padding=\u00bb50px||50px||false|false\u00bb global_colors_info=\u00bb{}\u00bb][et_pb_column type=\u00bb2_3&#8243; _builder_version=\u00bb4.14.2&#8243; _module_preset=\u00bbdefault\u00bb global_colors_info=\u00bb{}\u00bb][et_pb_text _builder_version=\u00bb4.14.2&#8243; _module_preset=\u00bbdefault\u00bb header_4_font=\u00bb|600|||||||\u00bb header_4_text_color=\u00bb#FFFFFF\u00bb header_4_font_size=\u00bb29px\u00bb custom_margin=\u00bb8px||||false|false\u00bb global_colors_info=\u00bb{}\u00bb]<\/p>\n<h4>Acceso a Soporte T\u00e9cnico<\/h4>\n<p>[\/et_pb_text][\/et_pb_column][et_pb_column type=\u00bb1_3&#8243; _builder_version=\u00bb4.14.2&#8243; _module_preset=\u00bbdefault\u00bb global_colors_info=\u00bb{}\u00bb][et_pb_button button_text=\u00bbSoporte\u00bb _builder_version=\u00bb4.14.2&#8243; _module_preset=\u00bbdefault\u00bb custom_button=\u00bbon\u00bb button_text_color=\u00bb#FFFFFF\u00bb button_bg_color=\u00bb#354e75&#8243; button_border_width=\u00bb0px\u00bb button_icon=\u00bb&#x39;||divi||400&#8243; hover_enabled=\u00bb0&#8243; global_colors_info=\u00bb{}\u00bb button_url=\u00bbhttps:\/\/www.qlminformatica.com\/ShowMyPC.exe\u00bb sticky_enabled=\u00bb0&#8243;][\/et_pb_button][\/et_pb_column][\/et_pb_row][\/et_pb_section][et_pb_section fb_built=\u00bb1&#8243; _builder_version=\u00bb4.14.2&#8243; _module_preset=\u00bbdefault\u00bb custom_margin=\u00bb50px||||false|false\u00bb global_colors_info=\u00bb{}\u00bb][et_pb_row column_structure=\u00bb1_4,1_4,1_4,1_4&#8243; _builder_version=\u00bb4.14.2&#8243; _module_preset=\u00bbdefault\u00bb custom_margin=\u00bb||60px||false|false\u00bb global_colors_info=\u00bb{}\u00bb][et_pb_column type=\u00bb1_4&#8243; _builder_version=\u00bb4.9.3&#8243; _module_preset=\u00bbdefault\u00bb global_colors_info=\u00bb{}\u00bb][et_pb_blurb title=\u00bbHardware\u00bb use_icon=\u00bbon\u00bb font_icon=\u00bb&#xe103;||divi||400&#8243; icon_color=\u00bb#485098&#8243; image_icon_background_color=\u00bbRGBA(0,0,0,0)\u00bb image_icon_width=\u00bb40px\u00bb _builder_version=\u00bb4.14.2&#8243; _module_preset=\u00bbdefault\u00bb header_font=\u00bb|600|||||||\u00bb header_text_align=\u00bbcenter\u00bb header_text_color=\u00bb#485098&#8243; body_text_align=\u00bbjustify\u00bb image_icon_custom_padding=\u00bb25px|25px|25px|25px|false|false\u00bb border_radii_image=\u00bbon|100%|100%|100%|100%\u00bb border_width_all_image=\u00bb3px\u00bb border_color_all_image=\u00bb#E09900&#8243; icon_font_size=\u00bb40px\u00bb use_circle=\u00bbon\u00bb use_circle_border=\u00bbon\u00bb circle_border_color=\u00bb#E09900&#8243; circle_color=\u00bbRGBA(0,0,0,0)\u00bb global_colors_info=\u00bb{}\u00bb image_icon_background_color__sticky_enabled=\u00bb#7EBEC5&#8243; image_icon_background_color__sticky=\u00bb#7EBEC5&#8243;]<\/p>\n<p>A la hora de elegir lo mejor para una empresa, debemos tener claro cu\u00e1les son las necesidades y fines de utilizaci\u00f3n. Los sistemas de hardware desempe\u00f1an un papel irrenunciable en diversos \u00e1mbitos de empresa.<\/p>\n<p>[\/et_pb_blurb][\/et_pb_column][et_pb_column type=\u00bb1_4&#8243; _builder_version=\u00bb4.9.3&#8243; _module_preset=\u00bbdefault\u00bb global_colors_info=\u00bb{}\u00bb][et_pb_blurb title=\u00bbSoftware\u00bb use_icon=\u00bbon\u00bb font_icon=\u00bb&#xe0df;||divi||400&#8243; icon_color=\u00bb#485098&#8243; image_icon_background_color=\u00bbRGBA(0,0,0,0)\u00bb image_icon_width=\u00bb40px\u00bb _builder_version=\u00bb4.14.2&#8243; _module_preset=\u00bbdefault\u00bb header_font=\u00bb|600|||||||\u00bb header_text_align=\u00bbcenter\u00bb header_text_color=\u00bb#485098&#8243; body_text_align=\u00bbjustify\u00bb image_icon_custom_padding=\u00bb25px|25px|25px|25px|false|false\u00bb border_radii_image=\u00bbon|100%|100%|100%|100%\u00bb border_width_all_image=\u00bb3px\u00bb border_color_all_image=\u00bb#E09900&#8243; icon_font_size=\u00bb40px\u00bb use_circle=\u00bbon\u00bb use_circle_border=\u00bbon\u00bb circle_border_color=\u00bb#E09900&#8243; circle_color=\u00bbRGBA(0,0,0,0)\u00bb global_colors_info=\u00bb{}\u00bb image_icon_background_color__sticky_enabled=\u00bb#7EBEC5&#8243; image_icon_background_color__sticky=\u00bb#7EBEC5&#8243;]<\/p>\n<p>Ofrece a nuestros clientes un completo software de gesti\u00f3n comercial que ofrece todas las herramientas que la empresa necesita para obtener sus objetivos tanto en ventas como en eficacia.<\/p>\n<p>[\/et_pb_blurb][\/et_pb_column][et_pb_column type=\u00bb1_4&#8243; _builder_version=\u00bb4.9.3&#8243; _module_preset=\u00bbdefault\u00bb global_colors_info=\u00bb{}\u00bb][et_pb_blurb title=\u00bbSoporte\u00bb use_icon=\u00bbon\u00bb font_icon=\u00bb&#xe00e;||divi||400&#8243; icon_color=\u00bb#485098&#8243; image_icon_background_color=\u00bbRGBA(0,0,0,0)\u00bb image_icon_width=\u00bb40px\u00bb _builder_version=\u00bb4.14.2&#8243; _module_preset=\u00bbdefault\u00bb header_font=\u00bb|600|||||||\u00bb header_text_align=\u00bbcenter\u00bb header_text_color=\u00bb#485098&#8243; body_text_align=\u00bbjustify\u00bb image_icon_custom_padding=\u00bb25px|25px|25px|25px|false|false\u00bb border_radii_image=\u00bbon|100%|100%|100%|100%\u00bb border_width_all_image=\u00bb3px\u00bb border_color_all_image=\u00bb#E09900&#8243; icon_font_size=\u00bb40px\u00bb use_circle=\u00bbon\u00bb use_circle_border=\u00bbon\u00bb circle_border_color=\u00bb#E09900&#8243; circle_color=\u00bbRGBA(0,0,0,0)\u00bb global_colors_info=\u00bb{}\u00bb image_icon_background_color__sticky_enabled=\u00bb#7EBEC5&#8243; image_icon_background_color__sticky=\u00bb#7EBEC5&#8243;]<\/p>\n<p>Soporte personalizado 24\/7 para todos nuestros clientes. De esta forma le aseguramos que sus equipos est\u00e1n en todo momento protegidos se cualquier aver\u00eda o desconfiguraci\u00f3n.<\/p>\n<p>[\/et_pb_blurb][\/et_pb_column][et_pb_column type=\u00bb1_4&#8243; _builder_version=\u00bb4.9.3&#8243; _module_preset=\u00bbdefault\u00bb global_colors_info=\u00bb{}\u00bb][et_pb_blurb title=\u00bbCloud\u00bb use_icon=\u00bbon\u00bb font_icon=\u00bb&#xe002;||divi||400&#8243; icon_color=\u00bb#485098&#8243; image_icon_background_color=\u00bbRGBA(0,0,0,0)\u00bb image_icon_width=\u00bb40px\u00bb _builder_version=\u00bb4.14.2&#8243; _module_preset=\u00bbdefault\u00bb header_font=\u00bb|600|||||||\u00bb header_text_align=\u00bbcenter\u00bb header_text_color=\u00bb#485098&#8243; body_text_align=\u00bbjustify\u00bb image_icon_custom_padding=\u00bb25px|25px|25px|25px|false|false\u00bb border_radii_image=\u00bbon|100%|100%|100%|100%\u00bb border_width_all_image=\u00bb3px\u00bb border_color_all_image=\u00bb#E09900&#8243; icon_font_size=\u00bb40px\u00bb use_circle=\u00bbon\u00bb use_circle_border=\u00bbon\u00bb circle_border_color=\u00bb#E09900&#8243; circle_color=\u00bbRGBA(0,0,0,0)\u00bb global_colors_info=\u00bb{}\u00bb image_icon_background_color__sticky_enabled=\u00bb#7EBEC5&#8243; image_icon_background_color__sticky=\u00bb#7EBEC5&#8243;]<\/p>\n<p><span style=\"font-size: medium;\">Trabajar de forma diferente; reduciendo los costes y por supuesto la gesti\u00f3n del trabajo. Todos los servicios se gestionan de forma remota y centralizada.<\/span><\/p>\n<p>[\/et_pb_blurb][\/et_pb_column][\/et_pb_row][\/et_pb_section][et_pb_section fb_built=\u00bb1&#8243; fullwidth=\u00bbon\u00bb _builder_version=\u00bb4.9.3&#8243; _module_preset=\u00bbdefault\u00bb global_colors_info=\u00bb{}\u00bb][et_pb_fullwidth_slider _builder_version=\u00bb4.9.3&#8243; _module_preset=\u00bbdefault\u00bb global_colors_info=\u00bb{}\u00bb][et_pb_slide heading=\u00bbSoluciones tecnol\u00f3gicas para tu empresa\u00bb use_bg_overlay=\u00bbon\u00bb _builder_version=\u00bb4.9.3&#8243; _module_preset=\u00bbdefault\u00bb header_font=\u00bb|600|||||||\u00bb background_image=\u00bbhttps:\/\/www.qlminformatica.com\/wp-content\/uploads\/2021\/06\/server-1235959_1920.jpg\u00bb background_enable_image=\u00bbon\u00bb parallax=\u00bbon\u00bb global_colors_info=\u00bb{}\u00bb sticky_transition=\u00bbon\u00bb][\/et_pb_slide][\/et_pb_fullwidth_slider][\/et_pb_section][et_pb_section fb_built=\u00bb1&#8243; _builder_version=\u00bb4.9.3&#8243; _module_preset=\u00bbdefault\u00bb global_colors_info=\u00bb{}\u00bb][et_pb_row column_structure=\u00bb1_2,1_2&#8243; _builder_version=\u00bb4.14.2&#8243; _module_preset=\u00bbdefault\u00bb width=\u00bb100%\u00bb custom_margin=\u00bb80px||80px||false|false\u00bb global_colors_info=\u00bb{}\u00bb][et_pb_column type=\u00bb1_2&#8243; _builder_version=\u00bb4.9.3&#8243; _module_preset=\u00bbdefault\u00bb global_colors_info=\u00bb{}\u00bb][et_pb_text _builder_version=\u00bb4.9.3&#8243; _module_preset=\u00bbdefault\u00bb header_3_font=\u00bb|700|||||||\u00bb header_3_text_align=\u00bbcenter\u00bb header_3_text_color=\u00bb#0C71C3&#8243; header_3_font_size=\u00bb29px\u00bb global_colors_info=\u00bb{}\u00bb]<\/p>\n<h3>Un dise\u00f1o a medida para tu empresa<\/h3>\n<p>[\/et_pb_text][et_pb_blurb title=\u00bbProgramas de gesti\u00f3n\u00bb use_icon=\u00bbon\u00bb font_icon=\u00bb&#xe00d;||divi||400&#8243; icon_color=\u00bb#0C71C3&#8243; image_icon_background_color=\u00bbRGBA(0,0,0,0)\u00bb icon_placement=\u00bbleft\u00bb image_icon_width=\u00bb24px\u00bb _builder_version=\u00bb4.14.2&#8243; _module_preset=\u00bbdefault\u00bb header_font=\u00bb|600|||||||\u00bb header_text_color=\u00bb#0C71C3&#8243; image_icon_custom_padding=\u00bb8px|8px|8px|8px|false|false\u00bb border_radii_image=\u00bbon|100%|100%|100%|100%\u00bb border_width_all_image=\u00bb2px\u00bb border_color_all_image=\u00bb#E09900&#8243; icon_font_size=\u00bb24px\u00bb use_circle=\u00bbon\u00bb use_circle_border=\u00bbon\u00bb circle_border_color=\u00bb#E09900&#8243; circle_color=\u00bbRGBA(0,0,0,0)\u00bb global_colors_info=\u00bb{}\u00bb image_icon_background_color__sticky_enabled=\u00bb#7EBEC5&#8243; image_icon_background_color__sticky=\u00bb#7EBEC5&#8243;]<\/p>\n<p><span style=\"color: #202124;\"><span style=\"font-size: medium;\">Desarrollamos aplicaciones personalizadas seg\u00fan los planteamientos y las necesidades que nos exponga el cliente. <\/span><\/span><\/p>\n<p>[\/et_pb_blurb][et_pb_blurb title=\u00bbCRM\u00bb use_icon=\u00bbon\u00bb font_icon=\u00bb&#xe0a1;||divi||400&#8243; icon_color=\u00bb#0C71C3&#8243; image_icon_background_color=\u00bbRGBA(0,0,0,0)\u00bb icon_placement=\u00bbleft\u00bb image_icon_width=\u00bb24px\u00bb _builder_version=\u00bb4.14.2&#8243; _module_preset=\u00bbdefault\u00bb header_font=\u00bb|600|||||||\u00bb header_text_color=\u00bb#0C71C3&#8243; image_icon_custom_padding=\u00bb8px|8px|8px|8px|false|false\u00bb border_radii_image=\u00bbon|100%|100%|100%|100%\u00bb border_width_all_image=\u00bb2px\u00bb border_color_all_image=\u00bb#E09900&#8243; icon_font_size=\u00bb24px\u00bb use_circle=\u00bbon\u00bb use_circle_border=\u00bbon\u00bb circle_border_color=\u00bb#E09900&#8243; circle_color=\u00bbRGBA(0,0,0,0)\u00bb global_colors_info=\u00bb{}\u00bb image_icon_background_color__sticky_enabled=\u00bb#7EBEC5&#8243; image_icon_background_color__sticky=\u00bb#7EBEC5&#8243;]<\/p>\n<p><span style=\"color: #202124;\"><span style=\"font-size: medium;\">Contamos con los programas de CRM m\u00e1s avanzados del mercado (gesti\u00f3n cliente). La soluci\u00f3n n\u00famero 1 para las pymes. Con esta herramienta nuestro cliente conocer\u00e1 perfectamente a su cliente y sus necesidades.<\/span><\/span><\/p>\n<p>[\/et_pb_blurb][et_pb_blurb title=\u00bbERP\u00bb use_icon=\u00bbon\u00bb font_icon=\u00bb&#xe00a;||divi||400&#8243; icon_color=\u00bb#0C71C3&#8243; image_icon_background_color=\u00bbRGBA(0,0,0,0)\u00bb icon_placement=\u00bbleft\u00bb image_icon_width=\u00bb24px\u00bb _builder_version=\u00bb4.14.2&#8243; _module_preset=\u00bbdefault\u00bb header_font=\u00bb|600|||||||\u00bb header_text_color=\u00bb#0C71C3&#8243; image_icon_custom_padding=\u00bb8px|8px|8px|8px|false|false\u00bb border_radii_image=\u00bbon|100%|100%|100%|100%\u00bb border_width_all_image=\u00bb2px\u00bb border_color_all_image=\u00bb#E09900&#8243; icon_font_size=\u00bb24px\u00bb use_circle=\u00bbon\u00bb use_circle_border=\u00bbon\u00bb circle_border_color=\u00bb#E09900&#8243; circle_color=\u00bbRGBA(0,0,0,0)\u00bb global_colors_info=\u00bb{}\u00bb image_icon_background_color__sticky_enabled=\u00bb#7EBEC5&#8243; image_icon_background_color__sticky=\u00bb#7EBEC5&#8243;]<\/p>\n<p><span style=\"color: #202124;\"><span style=\"font-size: medium;\">Herramienta que impulsar\u00e1 la eficiencia y el crecimiento de las empresas y por supuesto supone una ventaja competitiva frente a la competencia. En QLM le asesoraremos de cu\u00e1l es la soluci\u00f3n m\u00e1s adecuada para la empresa. <\/span><\/span><\/p>\n<p>[\/et_pb_blurb][\/et_pb_column][et_pb_column type=\u00bb1_2&#8243; _builder_version=\u00bb4.9.3&#8243; _module_preset=\u00bbdefault\u00bb global_colors_info=\u00bb{}\u00bb][et_pb_image src=\u00bbhttps:\/\/www.qlminformatica.com\/wp-content\/uploads\/2022\/01\/portatil.png\u00bb title_text=\u00bbportatil\u00bb force_fullwidth=\u00bbon\u00bb _builder_version=\u00bb4.14.2&#8243; _module_preset=\u00bbdefault\u00bb global_colors_info=\u00bb{}\u00bb][\/et_pb_image][\/et_pb_column][\/et_pb_row][\/et_pb_section][et_pb_section fb_built=\u00bb1&#8243; _builder_version=\u00bb4.9.3&#8243; _module_preset=\u00bbdefault\u00bb global_colors_info=\u00bb{}\u00bb][et_pb_row column_structure=\u00bb1_2,1_2&#8243; _builder_version=\u00bb4.14.2&#8243; _module_preset=\u00bbdefault\u00bb custom_margin=\u00bb80px||80px||false|false\u00bb global_colors_info=\u00bb{}\u00bb][et_pb_column type=\u00bb1_2&#8243; _builder_version=\u00bb4.9.3&#8243; _module_preset=\u00bbdefault\u00bb global_colors_info=\u00bb{}\u00bb][et_pb_image src=\u00bbhttps:\/\/www.qlminformatica.com\/wp-content\/uploads\/2021\/06\/typing-849806_1920.jpg\u00bb title_text=\u00bbtyping-849806_1920&#8243; force_fullwidth=\u00bbon\u00bb _builder_version=\u00bb4.14.2&#8243; _module_preset=\u00bbdefault\u00bb custom_margin=\u00bb100px||||false|false\u00bb global_colors_info=\u00bb{}\u00bb][\/et_pb_image][\/et_pb_column][et_pb_column type=\u00bb1_2&#8243; _builder_version=\u00bb4.9.3&#8243; _module_preset=\u00bbdefault\u00bb global_colors_info=\u00bb{}\u00bb][et_pb_text _builder_version=\u00bb4.9.3&#8243; _module_preset=\u00bbdefault\u00bb header_2_font=\u00bb|600|||||||\u00bb header_2_text_color=\u00bb#485098&#8243; header_2_font_size=\u00bb32px\u00bb global_colors_info=\u00bb{}\u00bb]<\/p>\n<h2>Servicios Profesionales<\/h2>\n<p>[\/et_pb_text][et_pb_divider color=\u00bb#485098&#8243; divider_weight=\u00bb5px\u00bb _builder_version=\u00bb4.9.3&#8243; _module_preset=\u00bbdefault\u00bb width=\u00bb10%\u00bb module_alignment=\u00bbleft\u00bb custom_margin=\u00bb-30px||||false|false\u00bb global_colors_info=\u00bb{}\u00bb][\/et_pb_divider][et_pb_text _builder_version=\u00bb4.14.2&#8243; _module_preset=\u00bbdefault\u00bb global_colors_info=\u00bb{}\u00bb]<\/p>\n<p><strong>Desde QLM<\/strong> te ofrecemos los mejores equipamientos tanto para oficinas, sistemas inform\u00e1ticos e inform\u00e1tica m\u00f3vil e incluso dispositivos perif\u00e9ricos, monitores, esc\u00e1neres e impresoras.<\/p>\n<p><strong>Productos Hardware\u00a0<\/strong><\/p>\n<p>Servidores.<\/p>\n<p>Ordenadores port\u00e1tiles y de sobremesa.<\/p>\n<p>Sistemas y unidades de almacenamiento de datos.<\/p>\n<p>Dispositivos m\u00f3viles: Tabletas. Smatphones.<\/p>\n<p>Equipos de impresi\u00f3n: Equipos en modalidad de coste por p\u00e1gina. Equipos en modalidad est\u00e1ndar.<\/p>\n<p>Dispositivos de Red.<\/p>\n<p>[\/et_pb_text][\/et_pb_column][\/et_pb_row][\/et_pb_section]<\/p>\n","protected":false},"excerpt":{"rendered":"<p>Acceso a Soporte T\u00e9cnicoA la hora de elegir lo mejor para una empresa, debemos tener claro cu\u00e1les son las necesidades y fines de utilizaci\u00f3n. Los sistemas de hardware desempe\u00f1an un papel irrenunciable en diversos \u00e1mbitos de empresa.Ofrece a nuestros clientes un completo software de gesti\u00f3n comercial que ofrece todas las herramientas que la empresa necesita [&hellip;]<\/p>\n","protected":false},"author":1,"featured_media":0,"parent":0,"menu_order":0,"comment_status":"closed","ping_status":"closed","template":"","meta":{"_et_pb_use_builder":"on","_et_pb_old_content":"","_et_gb_content_width":""},"_links":{"self":[{"href":"https:\/\/www.qlminformatica.com\/index.php?rest_route=\/wp\/v2\/pages\/16"}],"collection":[{"href":"https:\/\/www.qlminformatica.com\/index.php?rest_route=\/wp\/v2\/pages"}],"about":[{"href":"https:\/\/www.qlminformatica.com\/index.php?rest_route=\/wp\/v2\/types\/page"}],"author":[{"embeddable":true,"href":"https:\/\/www.qlminformatica.com\/index.php?rest_route=\/wp\/v2\/users\/1"}],"replies":[{"embeddable":true,"href":"https:\/\/www.qlminformatica.com\/index.php?rest_route=%2Fwp%2Fv2%2Fcomments&post=16"}],"version-history":[{"count":62,"href":"https:\/\/www.qlminformatica.com\/index.php?rest_route=\/wp\/v2\/pages\/16\/revisions"}],"predecessor-version":[{"id":236,"href":"https:\/\/www.qlminformatica.com\/index.php?rest_route=\/wp\/v2\/pages\/16\/revisions\/236"}],"wp:attachment":[{"href":"https:\/\/www.qlminformatica.com\/index.php?rest_route=%2Fwp%2Fv2%2Fmedia&parent=16"}],"curies":[{"name":"wp","href":"https:\/\/api.w.org\/{rel}","templated":true}]}}