{"id":59,"date":"2021-12-01T09:09:08","date_gmt":"2021-12-01T09:09:08","guid":{"rendered":"https:\/\/qlm.creatiapublicidad.es\/?page_id=59"},"modified":"2022-09-19T06:24:23","modified_gmt":"2022-09-19T06:24:23","slug":"cloud","status":"publish","type":"page","link":"https:\/\/www.qlminformatica.com\/?page_id=59","title":{"rendered":"Cloud"},"content":{"rendered":"<p>[et_pb_section fb_built=\u00bb1&#8243; fullwidth=\u00bbon\u00bb _builder_version=\u00bb4.9.3&#8243; _module_preset=\u00bbdefault\u00bb global_colors_info=\u00bb{}\u00bb][et_pb_fullwidth_slider _builder_version=\u00bb4.9.3&#8243; _module_preset=\u00bbdefault\u00bb global_colors_info=\u00bb{}\u00bb][et_pb_slide _builder_version=\u00bb4.9.3&#8243; _module_preset=\u00bbdefault\u00bb background_image=\u00bbhttps:\/\/www.qlminformatica.com\/wp-content\/uploads\/2021\/12\/diseno-web.jpg\u00bb background_enable_image=\u00bbon\u00bb global_colors_info=\u00bb{}\u00bb sticky_transition=\u00bbon\u00bb][\/et_pb_slide][\/et_pb_fullwidth_slider][\/et_pb_section][et_pb_section fb_built=\u00bb1&#8243; _builder_version=\u00bb4.9.3&#8243; _module_preset=\u00bbdefault\u00bb global_colors_info=\u00bb{}\u00bb][et_pb_row column_structure=\u00bb1_2,1_2&#8243; _builder_version=\u00bb4.14.2&#8243; _module_preset=\u00bbdefault\u00bb custom_margin=\u00bb||50px||false|false\u00bb global_colors_info=\u00bb{}\u00bb][et_pb_column type=\u00bb1_2&#8243; _builder_version=\u00bb4.9.3&#8243; _module_preset=\u00bbdefault\u00bb global_colors_info=\u00bb{}\u00bb][et_pb_image src=\u00bbhttps:\/\/www.qlminformatica.com\/wp-content\/uploads\/2022\/01\/servidor-torre.jpg\u00bb title_text=\u00bbservidor-torre\u00bb force_fullwidth=\u00bbon\u00bb _builder_version=\u00bb4.14.2&#8243; _module_preset=\u00bbdefault\u00bb custom_margin=\u00bb150px||||false|false\u00bb global_colors_info=\u00bb{}\u00bb][\/et_pb_image][\/et_pb_column][et_pb_column type=\u00bb1_2&#8243; _builder_version=\u00bb4.9.3&#8243; _module_preset=\u00bbdefault\u00bb global_colors_info=\u00bb{}\u00bb][et_pb_text _builder_version=\u00bb4.14.2&#8243; _module_preset=\u00bbdefault\u00bb header_2_font=\u00bb|600|||||||\u00bb header_2_text_color=\u00bb#485098&#8243; header_2_font_size=\u00bb32px\u00bb custom_margin=\u00bb50px||||false|false\u00bb global_colors_info=\u00bb{}\u00bb]<\/p>\n<h2>Cloud<\/h2>\n<p>[\/et_pb_text][et_pb_divider color=\u00bb#485098&#8243; divider_weight=\u00bb5px\u00bb _builder_version=\u00bb4.9.3&#8243; _module_preset=\u00bbdefault\u00bb width=\u00bb10%\u00bb module_alignment=\u00bbleft\u00bb custom_margin=\u00bb-30px||||false|false\u00bb global_colors_info=\u00bb{}\u00bb][\/et_pb_divider][et_pb_text _builder_version=\u00bb4.14.2&#8243; _module_preset=\u00bbdefault\u00bb hover_enabled=\u00bb0&#8243; global_colors_info=\u00bb{}\u00bb sticky_enabled=\u00bb0&#8243;]<\/p>\n<p><strong>La transformaci\u00f3n Digital para las empresas<\/strong><\/p>\n<p>Estos servicios son infraestructuras, plataformas o sistemas de software que alojan proveedores externos y que facilitan el flujo de datos de los usuarios. <br \/>Desde QLM ofrecemos a todos nuestros clientes las diferentes opciones que ofrece este servicio como pueden ser: Replicaci\u00f3n de m\u00e1quinas, virtualizaci\u00f3n cloud, gesti\u00f3n de backups. Ejemplo de ellos son los siguientes:<\/p>\n<p>\u2022 Hosting.<br \/>\u2022 Housing.<br \/>\u2022 Gesti\u00f3n de infraestructuras Cloud.<br \/>\u2022 Gesti\u00f3n de Backups Cloud.<br \/>\u2022 Etc.<\/p>\n<p>Gracias a estos sistemas, nuestros clientes podr\u00e1n optar a tener una infraestructura segura tanto para sus datos como para todas las aplicaciones que Utilice y todo ello con una reducci\u00f3n importante de costes. De la misma forma el cliente podr\u00eda unificar los servicios Could tanto p\u00fablicos como privados de diferentes proveedores siempre y cuando conozca perfectamente los servicios que ofrecen.<\/p>\n<p><strong>Todo un sistema innovador al servicio de nuestros clientes<\/strong><\/p>\n<p>[\/et_pb_text][\/et_pb_column][\/et_pb_row][\/et_pb_section]<\/p>\n","protected":false},"excerpt":{"rendered":"<p>CloudLa transformaci\u00f3n Digital para las empresas Estos servicios son infraestructuras, plataformas o sistemas de software que alojan proveedores externos y que facilitan el flujo de datos de los usuarios. Desde QLM ofrecemos a todos nuestros clientes las diferentes opciones que ofrece este servicio como pueden ser: Replicaci\u00f3n de m\u00e1quinas, virtualizaci\u00f3n cloud, gesti\u00f3n de backups. Ejemplo [&hellip;]<\/p>\n","protected":false},"author":1,"featured_media":0,"parent":0,"menu_order":0,"comment_status":"closed","ping_status":"closed","template":"","meta":{"_et_pb_use_builder":"on","_et_pb_old_content":"","_et_gb_content_width":""},"_links":{"self":[{"href":"https:\/\/www.qlminformatica.com\/index.php?rest_route=\/wp\/v2\/pages\/59"}],"collection":[{"href":"https:\/\/www.qlminformatica.com\/index.php?rest_route=\/wp\/v2\/pages"}],"about":[{"href":"https:\/\/www.qlminformatica.com\/index.php?rest_route=\/wp\/v2\/types\/page"}],"author":[{"embeddable":true,"href":"https:\/\/www.qlminformatica.com\/index.php?rest_route=\/wp\/v2\/users\/1"}],"replies":[{"embeddable":true,"href":"https:\/\/www.qlminformatica.com\/index.php?rest_route=%2Fwp%2Fv2%2Fcomments&post=59"}],"version-history":[{"count":12,"href":"https:\/\/www.qlminformatica.com\/index.php?rest_route=\/wp\/v2\/pages\/59\/revisions"}],"predecessor-version":[{"id":221,"href":"https:\/\/www.qlminformatica.com\/index.php?rest_route=\/wp\/v2\/pages\/59\/revisions\/221"}],"wp:attachment":[{"href":"https:\/\/www.qlminformatica.com\/index.php?rest_route=%2Fwp%2Fv2%2Fmedia&parent=59"}],"curies":[{"name":"wp","href":"https:\/\/api.w.org\/{rel}","templated":true}]}}